{"id":1476,"date":"2019-03-01T08:27:12","date_gmt":"2019-03-01T07:27:12","guid":{"rendered":"http:\/\/castlethun.cyon.site\/?page_id=1476"},"modified":"2026-02-25T16:04:47","modified_gmt":"2026-02-25T15:04:47","slug":"offres-pour-enfants-et-familles","status":"publish","type":"page","link":"https:\/\/schlossthun.ch\/fr\/mediation-culturelle\/offres-pour-enfants-et-familles\/","title":{"rendered":"Offres pour enfants et familles"},"content":{"rendered":"<div class=\"wp-block-image\">\n<figure class=\"aligncenter size-large\"><a href=\"www.schlossthun.ch\"><img data-recalc-dims=\"1\" decoding=\"async\" width=\"24\" height=\"34\" src=\"https:\/\/i0.wp.com\/schlossthun.ch\/wp-content\/uploads\/2018\/12\/SchlossThun_icon.png?resize=24%2C34&#038;ssl=1\" alt=\"Schloss Thun Icon\" class=\"wp-image-1026\"\/><\/a><\/figure><\/div>\n\n\n<h1 class=\"wp-block-heading has-text-align-center\"><span class=\"tadv-color\" style=\"color:#85050c\">M\u00e9diation culturelle<\/span><\/h1>\n\n\n\n<h2 class=\"wp-block-heading has-text-align-center\">Offers pour enfants et familles<\/h2>\n\n\n<style>.kb-row-layout-wrap.wp-block-kadence-rowlayout.kb-row-layout-id1476_77ccf0-15{margin-bottom:0px;}.kb-row-layout-id1476_77ccf0-15 > .kt-row-column-wrap{align-content:start;}:where(.kb-row-layout-id1476_77ccf0-15 > .kt-row-column-wrap) > .wp-block-kadence-column{justify-content:start;}.kb-row-layout-id1476_77ccf0-15 > .kt-row-column-wrap{column-gap:var(--global-kb-gap-md, 2rem);row-gap:var(--global-kb-gap-md, 2rem);padding-top:var(--global-kb-spacing-sm, 1.5rem);padding-bottom:var(--global-kb-spacing-sm, 1.5rem);}.kb-row-layout-id1476_77ccf0-15 > .kt-row-column-wrap > div:not(.added-for-specificity){grid-column:initial;}.kb-row-layout-id1476_77ccf0-15 > .kt-row-column-wrap{grid-template-columns:minmax(0, 1fr);}.kb-row-layout-id1476_77ccf0-15 > .kt-row-layout-overlay{opacity:0.30;}@media all and (max-width: 1024px){.kb-row-layout-id1476_77ccf0-15 > .kt-row-column-wrap > div:not(.added-for-specificity){grid-column:initial;}}@media all and (max-width: 1024px){.kb-row-layout-id1476_77ccf0-15 > .kt-row-column-wrap{grid-template-columns:minmax(0, 1fr);}}@media all and (max-width: 767px){.kb-row-layout-id1476_77ccf0-15 > .kt-row-column-wrap > div:not(.added-for-specificity){grid-column:initial;}.kb-row-layout-id1476_77ccf0-15 > .kt-row-column-wrap{grid-template-columns:minmax(0, 1fr);}}<\/style><div class=\"kb-row-layout-wrap kb-row-layout-id1476_77ccf0-15 alignnone wp-block-kadence-rowlayout\"><div class=\"kt-row-column-wrap kt-has-3-columns kt-row-layout-row kt-tab-layout-inherit kt-mobile-layout-row kt-row-valign-top\">\n<style>.kadence-column1476_caca8d-cb > .kt-inside-inner-col,.kadence-column1476_caca8d-cb > .kt-inside-inner-col:before{border-top-left-radius:0px;border-top-right-radius:0px;border-bottom-right-radius:0px;border-bottom-left-radius:0px;}.kadence-column1476_caca8d-cb > .kt-inside-inner-col{column-gap:var(--global-kb-gap-sm, 1rem);}.kadence-column1476_caca8d-cb > .kt-inside-inner-col{flex-direction:column;}.kadence-column1476_caca8d-cb > .kt-inside-inner-col > .aligncenter{width:100%;}.kadence-column1476_caca8d-cb > .kt-inside-inner-col:before{opacity:0.3;}.kadence-column1476_caca8d-cb{position:relative;}@media all and (max-width: 1024px){.kadence-column1476_caca8d-cb > .kt-inside-inner-col{flex-direction:column;justify-content:center;}}@media all and (max-width: 767px){.kadence-column1476_caca8d-cb > .kt-inside-inner-col{flex-direction:column;justify-content:center;}}<\/style>\n<div class=\"wp-block-kadence-column kadence-column1476_caca8d-cb inner-column-1\"><div class=\"kt-inside-inner-col\"><style>.wp-block-kadence-spacer.kt-block-spacer-1476_13d487-cb .kt-block-spacer{height:41px;}.wp-block-kadence-spacer.kt-block-spacer-1476_13d487-cb .kt-divider{border-top-width:1px;height:1px;border-top-color:#eee;width:80%;border-top-style:solid;}<\/style>\n<div class=\"wp-block-kadence-spacer aligncenter kt-block-spacer-1476_13d487-cb\"><div class=\"kt-block-spacer kt-block-spacer-halign-center\"><hr class=\"kt-divider\"\/><\/div><\/div>\n\n\n<style>.wp-block-kadence-column.kb-section-dir-horizontal > .kt-inside-inner-col > .kt-info-box1476_aebdf5-7f .kt-blocks-info-box-link-wrap{max-width:unset;}.kt-info-box1476_aebdf5-7f .kt-blocks-info-box-link-wrap{border-top:5px solid #ffffff;border-right:5px solid #ffffff;border-bottom:5px solid #ffffff;border-left:5px solid #ffffff;border-top-left-radius:30px;border-top-right-radius:30px;border-bottom-right-radius:30px;border-bottom-left-radius:30px;background:#ffffff;padding-top:20px;padding-right:20px;padding-bottom:20px;padding-left:20px;}.kt-info-box1476_aebdf5-7f .kt-blocks-info-box-link-wrap:hover{background:#ffffff;}.kt-info-box1476_aebdf5-7f.wp-block-kadence-infobox{max-width:100%;}.kt-info-box1476_aebdf5-7f .kadence-info-box-image-inner-intrisic-container{max-width:150px;}.kt-info-box1476_aebdf5-7f .kadence-info-box-image-inner-intrisic-container .kadence-info-box-image-intrisic{padding-bottom:100%;width:150px;height:0px;max-width:100%;}.kt-info-box1476_aebdf5-7f .kadence-info-box-icon-container .kt-info-svg-icon, .kt-info-box1476_aebdf5-7f .kt-info-svg-icon-flip, .kt-info-box1476_aebdf5-7f .kt-blocks-info-box-number{font-size:50px;}.kt-info-box1476_aebdf5-7f .kt-blocks-info-box-media{color:#444444;background:transparent;border-color:#444444;border-radius:200px;overflow:hidden;border-top-width:0px;border-right-width:0px;border-bottom-width:0px;border-left-width:0px;padding-top:10px;padding-right:10px;padding-bottom:10px;padding-left:10px;}.kt-info-box1476_aebdf5-7f .kt-blocks-info-box-media-container{margin-top:0px;margin-right:15px;margin-bottom:0px;margin-left:15px;}.kt-info-box1476_aebdf5-7f .kt-blocks-info-box-media .kadence-info-box-image-intrisic img{border-radius:200px;}.kt-info-box1476_aebdf5-7f .kt-blocks-info-box-link-wrap:hover .kt-blocks-info-box-media{color:#444444;background:transparent;border-color:#444444;}.kt-info-box1476_aebdf5-7f .kt-infobox-textcontent h2.kt-blocks-info-box-title{padding-top:0px;padding-right:0px;padding-bottom:0px;padding-left:0px;margin-top:5px;margin-right:0px;margin-bottom:10px;margin-left:0px;}.kt-info-box1476_aebdf5-7f .kt-infobox-textcontent .kt-blocks-info-box-text{color:#555555;}.kt-info-box1476_aebdf5-7f .kt-blocks-info-box-learnmore{color:#444444;background:#ffffff;border-color:#444444;border-width:1px 0px 0px 0px;padding-top:4px;padding-right:8px;padding-bottom:4px;padding-left:8px;margin-top:10px;margin-right:0px;margin-bottom:10px;margin-left:0px;}.kt-info-box1476_aebdf5-7f .kt-blocks-info-box-link-wrap:hover .kt-blocks-info-box-learnmore,.kt-info-box1476_aebdf5-7f .kt-blocks-info-box-link-wrap .kt-blocks-info-box-learnmore:focus{color:#222222;background:#ffffff;border-color:#222222;}.kt-info-box1476_aebdf5-7f .kt-blocks-info-box-link-wrap{box-shadow:0px 0px 0px 0px rgba(0, 0, 0, 0);}.kt-info-box1476_aebdf5-7f .kt-blocks-info-box-link-wrap:hover{box-shadow:0px 0px 14px 0px rgba(0, 0, 0, 0.2);}@media all and (max-width: 1024px){.kt-info-box1476_aebdf5-7f .kt-blocks-info-box-link-wrap{border-top:5px solid #ffffff;border-right:5px solid #ffffff;border-bottom:5px solid #ffffff;border-left:5px solid #ffffff;box-shadow:0px 0px 0px 0px rgba(0, 0, 0, 0);}}@media all and (max-width: 1024px){.kt-info-box1476_aebdf5-7f .kt-blocks-info-box-link-wrap:hover{box-shadow:0px 0px 14px 0px rgba(0, 0, 0, 0.2);}}@media all and (max-width: 767px){.kt-info-box1476_aebdf5-7f .kt-blocks-info-box-link-wrap{border-top:5px solid #ffffff;border-right:5px solid #ffffff;border-bottom:5px solid #ffffff;border-left:5px solid #ffffff;box-shadow:0px 0px 0px 0px rgba(0, 0, 0, 0);}.kt-info-box1476_aebdf5-7f .kt-blocks-info-box-link-wrap:hover{box-shadow:0px 0px 14px 0px rgba(0, 0, 0, 0.2);}}<\/style>\n<div class=\"wp-block-kadence-infobox kt-info-box1476_aebdf5-7f\"><div class=\"kt-blocks-info-box-link-wrap kt-blocks-info-box-media-align-top kt-info-halign-center\"><div class=\"kt-blocks-info-box-media-container\"><div class=\"kt-blocks-info-box-media kt-info-media-animate-none\"><div class=\"kadence-info-box-image-inner-intrisic-container\"><div class=\"kadence-info-box-image-intrisic kt-info-animate-none\"><div class=\"kadence-info-box-image-inner-intrisic\"><img data-recalc-dims=\"1\" decoding=\"async\" src=\"https:\/\/i0.wp.com\/schlossthun.ch\/wp-content\/uploads\/2021\/08\/detektiv_beide.png?resize=150%2C150&#038;ssl=1\" alt=\"Bild: Illustrierte Kinder mit einer Lupe \" width=\"150\" height=\"150\" class=\"kt-info-box-image wp-image-3245\" srcset=\"https:\/\/i0.wp.com\/schlossthun.ch\/wp-content\/uploads\/2021\/08\/detektiv_beide.png?resize=150%2C150&amp;ssl=1 150w, https:\/\/i0.wp.com\/schlossthun.ch\/wp-content\/uploads\/2021\/08\/detektiv_beide.png?zoom=2&amp;resize=150%2C150&amp;ssl=1 300w, https:\/\/i0.wp.com\/schlossthun.ch\/wp-content\/uploads\/2021\/08\/detektiv_beide.png?zoom=3&amp;resize=150%2C150&amp;ssl=1 450w\" sizes=\"(max-width: 150px) 100vw, 150px\" \/><\/div><\/div><\/div><\/div><\/div><div class=\"kt-infobox-textcontent\"><h2 class=\"kt-blocks-info-box-title\">Jeu de d\u00e9tective au ch\u00e2teau de Thoune<\/h2><p class=\"kt-blocks-info-box-text\">La d\u00e9couverte du ch\u00e2teau requiert des talents de d\u00e9tective. Les petits fins limiers qui suivent les indices cach\u00e9s et parviennent \u00e0 r\u00e9soudre toutes les \u00e9nigmes peuvent ouvrir la caisse en bois dans la prison \u00e0 l&rsquo;aide du code correct. La pi\u00e8ce \u00e0 conviction qui s&rsquo;y trouve peut \u00eatre \u00e9chang\u00e9e contre une petite r\u00e9compense \u00e0 la caisse.<\/p><\/div><\/div><\/div>\n<\/div><\/div>\n\n\n<style>.kadence-column1476_2472e4-a7 > .kt-inside-inner-col,.kadence-column1476_2472e4-a7 > .kt-inside-inner-col:before{border-top-left-radius:0px;border-top-right-radius:0px;border-bottom-right-radius:0px;border-bottom-left-radius:0px;}.kadence-column1476_2472e4-a7 > .kt-inside-inner-col{column-gap:var(--global-kb-gap-sm, 1rem);}.kadence-column1476_2472e4-a7 > .kt-inside-inner-col{flex-direction:column;}.kadence-column1476_2472e4-a7 > .kt-inside-inner-col > .aligncenter{width:100%;}.kadence-column1476_2472e4-a7 > .kt-inside-inner-col:before{opacity:0.3;}.kadence-column1476_2472e4-a7{position:relative;}@media all and (max-width: 1024px){.kadence-column1476_2472e4-a7 > .kt-inside-inner-col{flex-direction:column;justify-content:center;}}@media all and (max-width: 767px){.kadence-column1476_2472e4-a7 > .kt-inside-inner-col{flex-direction:column;justify-content:center;}}<\/style>\n<div class=\"wp-block-kadence-column kadence-column1476_2472e4-a7 inner-column-2\"><div class=\"kt-inside-inner-col\">\n\n<style>.wp-block-kadence-column.kb-section-dir-horizontal > .kt-inside-inner-col > .kt-info-box1476_098230-5b .kt-blocks-info-box-link-wrap{max-width:unset;}.kt-info-box1476_098230-5b .kt-blocks-info-box-link-wrap{border-top:5px solid #ffffff;border-right:5px solid #ffffff;border-bottom:5px solid #ffffff;border-left:5px solid #ffffff;border-top-left-radius:30px;border-top-right-radius:30px;border-bottom-right-radius:30px;border-bottom-left-radius:30px;background:#ffffff;padding-top:20px;padding-right:20px;padding-bottom:20px;padding-left:20px;}.kt-info-box1476_098230-5b .kt-blocks-info-box-link-wrap:hover{background:#ffffff;}.kt-info-box1476_098230-5b.wp-block-kadence-infobox{max-width:100%;}.kt-info-box1476_098230-5b .kadence-info-box-image-inner-intrisic-container{max-width:100px;}.kt-info-box1476_098230-5b .kadence-info-box-image-inner-intrisic-container .kadence-info-box-image-intrisic{padding-bottom:62.2565%;width:1232px;height:0px;max-width:100%;}.kt-info-box1476_098230-5b .kadence-info-box-icon-container .kt-info-svg-icon, .kt-info-box1476_098230-5b .kt-info-svg-icon-flip, .kt-info-box1476_098230-5b .kt-blocks-info-box-number{font-size:50px;}.kt-info-box1476_098230-5b .kt-blocks-info-box-media{color:#444444;background:#eeeeee;border-radius:200px;overflow:hidden;border-top-width:0px;border-right-width:0px;border-bottom-width:0px;border-left-width:0px;padding-top:0px;padding-right:0px;padding-bottom:0px;padding-left:0px;}.kt-info-box1476_098230-5b .kt-blocks-info-box-media-container{margin-top:0px;margin-right:15px;margin-bottom:10px;margin-left:15px;}.kt-info-box1476_098230-5b .kt-blocks-info-box-link-wrap:hover .kt-blocks-info-box-media{color:#444444;background:#eeeeee;}.kt-info-box1476_098230-5b .kt-infobox-textcontent h2.kt-blocks-info-box-title{padding-top:0px;padding-right:0px;padding-bottom:0px;padding-left:0px;margin-top:5px;margin-right:0px;margin-bottom:10px;margin-left:0px;}.kt-info-box1476_098230-5b .kt-infobox-textcontent .kt-blocks-info-box-text{color:#555555;}.kt-info-box1476_098230-5b .kt-blocks-info-box-learnmore{color:#444444;background:#ffffff;border-color:#444444;border-width:1px 0px 0px 0px;padding-top:4px;padding-right:8px;padding-bottom:4px;padding-left:8px;margin-top:10px;margin-right:0px;margin-bottom:10px;margin-left:0px;}.kt-info-box1476_098230-5b .kt-blocks-info-box-link-wrap:hover .kt-blocks-info-box-learnmore,.kt-info-box1476_098230-5b .kt-blocks-info-box-link-wrap .kt-blocks-info-box-learnmore:focus{color:#222222;background:#ffffff;border-color:#222222;}.kt-info-box1476_098230-5b .kt-blocks-info-box-link-wrap{box-shadow:0px 0px 0px 0px rgba(0, 0, 0, 0);}.kt-info-box1476_098230-5b .kt-blocks-info-box-link-wrap:hover{box-shadow:0px 0px 14px 0px rgba(0, 0, 0, 0.2);}@media all and (max-width: 1024px){.kt-info-box1476_098230-5b .kt-blocks-info-box-link-wrap{border-top:5px solid #ffffff;border-right:5px solid #ffffff;border-bottom:5px solid #ffffff;border-left:5px solid #ffffff;box-shadow:0px 0px 0px 0px rgba(0, 0, 0, 0);}}@media all and (max-width: 1024px){.kt-info-box1476_098230-5b .kt-blocks-info-box-link-wrap:hover{box-shadow:0px 0px 14px 0px rgba(0, 0, 0, 0.2);}}@media all and (max-width: 767px){.kt-info-box1476_098230-5b .kt-blocks-info-box-link-wrap{border-top:5px solid #ffffff;border-right:5px solid #ffffff;border-bottom:5px solid #ffffff;border-left:5px solid #ffffff;box-shadow:0px 0px 0px 0px rgba(0, 0, 0, 0);}.kt-info-box1476_098230-5b .kt-blocks-info-box-link-wrap:hover{box-shadow:0px 0px 14px 0px rgba(0, 0, 0, 0.2);}}<\/style>\n<div class=\"wp-block-kadence-infobox kt-info-box1476_098230-5b\"><div class=\"kt-blocks-info-box-link-wrap kt-blocks-info-box-media-align-top kt-info-halign-center\"><div class=\"kt-blocks-info-box-media-container\"><div class=\"kt-blocks-info-box-media kt-info-media-animate-none\"><div class=\"kadence-info-box-image-inner-intrisic-container\"><div class=\"kadence-info-box-image-intrisic kt-info-animate-none\"><div class=\"kadence-info-box-image-inner-intrisic\"><img data-recalc-dims=\"1\" decoding=\"async\" src=\"https:\/\/i0.wp.com\/schlossthun.ch\/wp-content\/uploads\/2022\/06\/Made-Internet-1.jpg?resize=1200%2C747&#038;ssl=1\" alt=\"\" width=\"1200\" height=\"747\" class=\"kt-info-box-image wp-image-3846\" srcset=\"https:\/\/i0.wp.com\/schlossthun.ch\/wp-content\/uploads\/2022\/06\/Made-Internet-1.jpg?w=1232&amp;ssl=1 1232w, https:\/\/i0.wp.com\/schlossthun.ch\/wp-content\/uploads\/2022\/06\/Made-Internet-1.jpg?resize=300%2C187&amp;ssl=1 300w, https:\/\/i0.wp.com\/schlossthun.ch\/wp-content\/uploads\/2022\/06\/Made-Internet-1.jpg?resize=1024%2C638&amp;ssl=1 1024w, https:\/\/i0.wp.com\/schlossthun.ch\/wp-content\/uploads\/2022\/06\/Made-Internet-1.jpg?resize=768%2C478&amp;ssl=1 768w\" sizes=\"(max-width: 1200px) 100vw, 1200px\" \/><\/div><\/div><\/div><\/div><\/div><div class=\"kt-infobox-textcontent\"><h2 class=\"kt-blocks-info-box-title\">Made in Thun \/ L&rsquo;asticot de Thoune<\/h2><p class=\"kt-blocks-info-box-text\">Une chasse au tr\u00e9sor amusante pour toute la famille au ch\u00e2teau de Thoune. O\u00f9 ailleurs les objets expos\u00e9s s&rsquo;\u00e9chappent-ils des vitrines ?<br><br>Viens au ch\u00e2teau et pars \u00e0 la recherche de Minette et de ses amis !<\/p><\/div><\/div><\/div>\n\n\n<style>.wp-block-kadence-spacer.kt-block-spacer-1476_7af0f9-6f .kt-block-spacer{height:42px;}.wp-block-kadence-spacer.kt-block-spacer-1476_7af0f9-6f .kt-divider{border-top-width:1px;height:1px;border-top-color:#eee;width:80%;border-top-style:solid;}<\/style>\n<div class=\"wp-block-kadence-spacer aligncenter kt-block-spacer-1476_7af0f9-6f\"><div class=\"kt-block-spacer kt-block-spacer-halign-center\"><hr class=\"kt-divider\"\/><\/div><\/div>\n<\/div><\/div>\n\n\n<style>.kadence-column1476_c674c3-c0 > .kt-inside-inner-col,.kadence-column1476_c674c3-c0 > .kt-inside-inner-col:before{border-top-left-radius:0px;border-top-right-radius:0px;border-bottom-right-radius:0px;border-bottom-left-radius:0px;}.kadence-column1476_c674c3-c0 > .kt-inside-inner-col{column-gap:var(--global-kb-gap-sm, 1rem);}.kadence-column1476_c674c3-c0 > .kt-inside-inner-col{flex-direction:column;}.kadence-column1476_c674c3-c0 > .kt-inside-inner-col > .aligncenter{width:100%;}.kadence-column1476_c674c3-c0 > .kt-inside-inner-col:before{opacity:0.3;}.kadence-column1476_c674c3-c0{position:relative;}@media all and (max-width: 1024px){.kadence-column1476_c674c3-c0 > .kt-inside-inner-col{flex-direction:column;justify-content:center;}}@media all and (max-width: 767px){.kadence-column1476_c674c3-c0 > .kt-inside-inner-col{flex-direction:column;justify-content:center;}}<\/style>\n<div class=\"wp-block-kadence-column kadence-column1476_c674c3-c0\"><div class=\"kt-inside-inner-col\"><\/div><\/div>\n\n<\/div><\/div>\n\n\n<div class=\"wp-block-columns is-layout-flex wp-container-core-columns-is-layout-9d6595d7 wp-block-columns-is-layout-flex\">\n<div class=\"wp-block-column is-layout-flow wp-block-column-is-layout-flow\" style=\"flex-basis:15%\"><\/div>\n\n\n\n<div class=\"wp-block-column is-layout-flow wp-block-column-is-layout-flow\" style=\"flex-basis:70%\">\n<details class=\"wp-block-details has-background has-medium-font-size is-layout-flow wp-block-details-is-layout-flow\" style=\"background-color:#fbf1f1\"><summary><strong>LANGAGE SIMPLE<\/strong><\/summary>\n<div style=\"height:10px\" aria-hidden=\"true\" class=\"wp-block-spacer\"><\/div>\n\n\n\n<h2 class=\"wp-block-heading\">Activit\u00e9s pour les enfants et les familles<\/h2>\n\n\n\n<div style=\"height:10px\" aria-hidden=\"true\" class=\"wp-block-spacer\"><\/div>\n\n\n\n<p><strong>Jeu de d\u00e9tective au ch\u00e2teau de Thoune<\/strong><br>Au cours d&rsquo;un voyage d\u00e9couverte \u00e0 travers le ch\u00e2teau, les enfants doivent trouver des indices et r\u00e9soudre des \u00e9nigmes.<br>Ceux qui r\u00e9solvent toutes les \u00e9nigmes obtiennent un code.<br>Ce code leur permet d&rsquo;ouvrir une caisse en bois dans la prison.<br>Ils trouveront un petit cadeau dans la caisse \u00e0 la caisse.<br><br><strong>Made in Thoune<\/strong><br>Un jeu de recherche pour toute la famille.<br>Les enfants doivent chercher Minette et ses amis.<\/p>\n\n\n\n<p>\u00a0<\/p>\n<p>\u00a0<\/p>\n\n\n\n<div style=\"height:10px\" aria-hidden=\"true\" class=\"wp-block-spacer\"><\/div>\n<\/details>\n<\/div>\n\n\n\n<div class=\"wp-block-column is-layout-flow wp-block-column-is-layout-flow\" style=\"flex-basis:15%\"><\/div>\n<\/div>\n","protected":false},"excerpt":{"rendered":"<p>M\u00e9diation culturelle Offers pour enfants et familles<\/p>\n","protected":false},"author":2,"featured_media":4845,"parent":716,"menu_order":1,"comment_status":"closed","ping_status":"closed","template":"","meta":{"_seopress_robots_primary_cat":"","_seopress_titles_title":"","_seopress_titles_desc":"","_seopress_robots_index":"","_seopress_analysis_target_kw":"","footnotes":""},"class_list":["post-1476","page","type-page","status-publish","has-post-thumbnail"],"jetpack_sharing_enabled":true,"_links":{"self":[{"href":"https:\/\/schlossthun.ch\/fr\/wp-json\/wp\/v2\/pages\/1476\/"}],"collection":[{"href":"https:\/\/schlossthun.ch\/fr\/wp-json\/wp\/v2\/pages\/"}],"about":[{"href":"https:\/\/schlossthun.ch\/fr\/wp-json\/wp\/v2\/types\/page\/"}],"author":[{"embeddable":true,"href":"https:\/\/schlossthun.ch\/fr\/wp-json\/wp\/v2\/users\/2\/"}],"replies":[{"embeddable":true,"href":"https:\/\/schlossthun.ch\/fr\/wp-json\/wp\/v2\/comments\/?post=1476"}],"version-history":[{"count":15,"href":"https:\/\/schlossthun.ch\/fr\/wp-json\/wp\/v2\/pages\/1476\/revisions\/"}],"predecessor-version":[{"id":10114,"href":"https:\/\/schlossthun.ch\/fr\/wp-json\/wp\/v2\/pages\/1476\/revisions\/10114\/"}],"up":[{"embeddable":true,"href":"https:\/\/schlossthun.ch\/fr\/wp-json\/wp\/v2\/pages\/716\/"}],"wp:featuredmedia":[{"embeddable":true,"href":"https:\/\/schlossthun.ch\/fr\/wp-json\/wp\/v2\/media\/4845\/"}],"wp:attachment":[{"href":"https:\/\/schlossthun.ch\/fr\/wp-json\/wp\/v2\/media\/?parent=1476"}],"curies":[{"name":"wp","href":"https:\/\/api.w.org\/{rel}","templated":true}]}}